{"id":393,"date":"2024-07-01T15:35:45","date_gmt":"2024-07-01T15:35:45","guid":{"rendered":"http:\/\/demos.upperthemes.com\/alma\/site1\/?page_id=393"},"modified":"2025-05-15T12:32:51","modified_gmt":"2025-05-15T12:32:51","slug":"acerca-de-nosotros","status":"publish","type":"page","link":"https:\/\/sincromyl.com\/es\/about-us\/","title":{"rendered":"Somos"},"content":{"rendered":"<div class=\"wpb-content-wrapper\"><div class=\"vc_row wpb_row vc_row-fluid vc_custom_1593617863481\"><div class=\"wide-box-mobile wpb_column vc_column_container vc_col-sm-6\"><div class=\"vc_column-inner\"><div class=\"wpb_wrapper\"><div class=\"vc_empty_space\"   style=\"height: 20px\"><span class=\"vc_empty_space_inner\"><\/span><\/div><h2 style=\"text-align: left\" class=\"vc_custom_heading vc_do_custom_heading\" >SOMOS SINCROMYL<\/h2><div class=\"vc_empty_space\"   style=\"height: 20px\"><span class=\"vc_empty_space_inner\"><\/span><\/div>\n\t<div class=\"wpb_text_column wpb_content_element\" >\n\t\t<div class=\"wpb_wrapper\">\n\t\t\t<p>At Sincromyl Multimedia Studio, creativity meets technology to empower your business. Our extensive portfolio showcases our work across various industries, including government projects, demonstrating our versatility and commitment to excellence. We specialize in graphic design, web development, social media management, and digital advertising, ensuring that your brand stands out in a crowded marketplace.<\/p>\n<p>Nuestra misi\u00f3n es transformar tu visi\u00f3n en realidad mediante el dise\u00f1o de productos \u00fanicos y soluciones multimedia innovadoras. Con recursos premium y un equipo de profesionales experimentados, garantizamos una calidad superior y resultados excepcionales. La satisfacci\u00f3n del cliente es nuestra m\u00e1xima prioridad y nos esforzamos por superar las expectativas en cada proyecto, ofreciendo soluciones creativas sin complicaciones adaptadas a tus necesidades.<\/p>\n<p>Conf\u00eda en nuestro soporte al cliente dedicado, siempre listo para asistirte con cualquier consulta o necesidad. Somos Sincromyl, y estamos aqu\u00ed para impulsar tu \u00e9xito con nuestros proyectos impresionantes e innovadores. Perm\u00edtenos ayudarte a elevar tu marca y generar un impacto duradero.<\/p>\n\n\t\t<\/div>\n\t<\/div>\n<div class=\"vc_empty_space\"   style=\"height: 40px\"><span class=\"vc_empty_space_inner\"><\/span><\/div><div class=\"vc_row wpb_row vc_inner vc_row-fluid\"><div class=\"wpb_column vc_column_container vc_col-sm-6\"><div class=\"vc_column-inner\"><div class=\"wpb_wrapper\"><div class=\"stats-block stats-left\"><div class=\"aio-icon-left\"><div class=\"ult-just-icon-wrapper\"><div class=\"align-icon\" style=\"text-align:center;\">\n<div class=\"aio-icon none\"  style=\"font-size:35px;display:inline-block;\">\n\t<i class=\"linearicons-timer2\"><\/i>\n<\/div><\/div><\/div><\/div><div class=\"stats-desc\" id=\"counter-responsv-wrap-5487\"><div id=\"counter_149744410969ea412c0c5a7\" data-id=\"counter_149744410969ea412c0c5a7\"  data-ultimate-target='#counter-responsv-wrap-5487 .stats-number'  data-responsive-json-new='{\"font-size\":\"desktop:30px;\",\"line-height\":\"\"}'  class=\"stats-number ult-responsive\" style=\" color:#a8a8a8; font-family:&#039;Dosis&#039;;font-weight:600;color:#303030;\" data-speed=\"3\" data-counter-value=\"5000\" data-separator=\"none\" data-decimal=\".\">0<\/div><div id=\"title-counter_149744410969ea412c0c5a7\"  data-ultimate-target='#counter-responsv-wrap-5487 .stats-text'  data-responsive-json-new='{\"font-size\":\"desktop:10px;\",\"line-height\":\"desktop:16px;\"}'  class=\"stats-text ult-responsive\" style=\"font-size:px; color:#a8a8a8; font-family:&#039;Dosis&#039;;font-weight:600;\">HORAS DE TRABAJO<\/div><\/div><\/div><\/div><\/div><\/div><div class=\"wpb_column vc_column_container vc_col-sm-6\"><div class=\"vc_column-inner\"><div class=\"wpb_wrapper\"><div class=\"ult-spacer spacer-69ea412c0c6b2\" data-id=\"69ea412c0c6b2\" data-height=\"\" data-height-mobile=\"40\" data-height-tab=\"\" data-height-tab-portrait=\"\" data-height-mobile-landscape=\"40\" style=\"clear:both;display:block;\"><\/div><div class=\"stats-block stats-left\"><div class=\"aio-icon-left\"><div class=\"ult-just-icon-wrapper\"><div class=\"align-icon\" style=\"text-align:center;\">\n<div class=\"aio-icon none\"  style=\"font-size:35px;display:inline-block;\">\n\t<i class=\"linearicons-presentation\"><\/i>\n<\/div><\/div><\/div><\/div><div class=\"stats-desc\" id=\"counter-responsv-wrap-3823\"><div id=\"counter_197817438769ea412c0c709\" data-id=\"counter_197817438769ea412c0c709\"  data-ultimate-target='#counter-responsv-wrap-3823 .stats-number'  data-responsive-json-new='{\"font-size\":\"desktop:30px;\",\"line-height\":\"\"}'  class=\"stats-number ult-responsive\" style=\" color:#a8a8a8; font-family:&#039;Dosis&#039;;font-weight:600;color:#303030;\" data-speed=\"3\" data-counter-value=\"438\" data-separator=\"none\" data-decimal=\".\">0<\/div><div id=\"title-counter_197817438769ea412c0c709\"  data-ultimate-target='#counter-responsv-wrap-3823 .stats-text'  data-responsive-json-new='{\"font-size\":\"desktop:10px;\",\"line-height\":\"desktop:16px;\"}'  class=\"stats-text ult-responsive\" style=\"font-size:px; color:#a8a8a8; font-family:&#039;Dosis&#039;;font-weight:600;\">PROYECTOS<\/div><\/div><\/div><\/div><\/div><\/div><\/div><\/div><\/div><\/div><div class=\"wide-box-mobile wpb_column vc_column_container vc_col-sm-6\"><div class=\"vc_column-inner\"><div class=\"wpb_wrapper\"><\/div><\/div><\/div><\/div><!-- Row Backgrounds --><div class=\"upb_bg_img\" data-ultimate-bg=\"url(https:\/\/sincromyl.com\/wp-content\/uploads\/2020\/07\/slide12.jpg)\" data-image-id=\"id^397|url^http:\/\/sincromyl.com\/wp-content\/uploads\/2020\/07\/slide12.jpg|caption^null|alt^null|title^slide12|description^null\" data-ultimate-bg-style=\"vcpb-default\" data-bg-img-repeat=\"no-repeat\" data-bg-img-size=\"cover\" data-bg-img-position=\"\" data-parallx_sense=\"30\" data-bg-override=\"ex-full\" data-bg_img_attach=\"scroll\" data-upb-overlay-color=\"\" data-upb-bg-animation=\"\" data-fadeout=\"\" data-bg-animation=\"left-animation\" data-bg-animation-type=\"h\" data-animation-repeat=\"repeat\" data-fadeout-percentage=\"30\" data-parallax-content=\"\" data-parallax-content-sense=\"30\" data-row-effect-mobile-disable=\"true\" data-img-parallax-mobile-disable=\"true\" data-rtl=\"false\"  data-custom-vc-row=\"\"  data-vc=\"8.7.2\"  data-is_old_vc=\"\"  data-theme-support=\"\"   data-overlay=\"false\" data-overlay-color=\"\" data-overlay-pattern=\"\" data-overlay-pattern-opacity=\"\" data-overlay-pattern-size=\"\"    ><\/div><div class=\"vc_row wpb_row vc_row-fluid vc_custom_1591717479328\"><div class=\"wpb_column vc_column_container vc_col-sm-12\"><div class=\"vc_column-inner\"><div class=\"wpb_wrapper\"><div class=\"vc_row wpb_row vc_inner vc_row-fluid\"><div class=\"wpb_column vc_column_container vc_col-sm-8\"><div class=\"vc_column-inner\"><div class=\"wpb_wrapper\"><h5 style=\"text-align: left\" class=\"vc_custom_heading vc_do_custom_heading\" >\u00a1UN EQUIPO COMPLETO DE MENTES BRILLANTES!<\/h5><h2 style=\"text-align: left\" class=\"vc_custom_heading vc_do_custom_heading\" >CONOCE AL EQUIPO<\/h2><\/div><\/div><\/div><div class=\"wpb_column vc_column_container vc_col-sm-4\"><div class=\"vc_column-inner\"><div class=\"wpb_wrapper\"><\/div><\/div><\/div><\/div><div class=\"vc_empty_space\"   style=\"height: 20px\"><span class=\"vc_empty_space_inner\"><\/span><\/div><div class=\"ult-ih-container ult-adjust-bottom-margin\" >\t<ul class=\"ult-ih-list\"  data-shape=\"square\"  data-width=\"320\"  data-height=\"320\"  style=\"text-align:left; \"><li id=\"ult-ih-list-item-3147\" class=\"ult-ih-list-item\" style=\"height: 320px; width: 320px;  margin: 30px\"><div style=\"height: 320px; width: 320px; \" class=\"ult-ih-item ult-ih-effect10    ult-ih-top_to_bottom\"><div class=\"ult-ih-image-block\" style=\"height: 320px; width: 320px; \">\t<div class=\"ult-ih-wrapper\" style=\"border-style: solid; border-color: rgba(255,255,255,0.2); border-width: 0px;\"><\/div>\t<img decoding=\"async\" class=\"ult-ih-image\" src=\"https:\/\/sincromyl.com\/wp-content\/uploads\/2024\/07\/luis.jpg\" alt=\"null\"><\/div><div class=\"ult-ih-info\" style=\"background-color: rgba(0,0,0,0.75); \">\t<div class=\"ult-ih-info-back\">\t<div class=\"ult-ih-content\">\t\t\t<div class=\"ult-ih-heading-block\" style=\"\">\t\t\t\t<h3 class=\"ult-ih-heading ult-responsive\" style=\"font-family:&#039;Dosis&#039;;font-weight:600;color:#ffffff;\"  data-ultimate-target='#ult-ih-list-item-3147 .ult-ih-heading'  data-responsive-json-new='{\"font-size\":\"desktop:20px;\",\"line-height\":\"desktop:28px;\"}' >Luis Castillo<\/h3>\t\t\t<\/div>\t\t\t<div class=\"ult-ih-divider-block\" style=\"height:1px;\">\t\t\t\t<span class=\"ult-ih-line\" style=\"border-style:solid;border-color:rgba(255,255,255,0.75);width:100px;border-width:1px;\"><\/span>\t\t\t<\/div>\t\t\t<div class=\"ult-ih-description-block\" style=\"\">\t\t\t\t<div class=\"ult-ih-description ult-responsive\" style=\"font-family:&#039;Open Sans&#039;;color:#ffffff;\"  data-ultimate-target='#ult-ih-list-item-3147 .ult-ih-description, #ult-ih-list-item-3147 .ult-ih-description p'  data-responsive-json-new='{\"font-size\":\"desktop:14px;\",\"line-height\":\"desktop:18px;\"}' ><p>Director de Arte<\/p>\n\t\t\t\t<\/div>\t\t\t<\/div>\t<\/div>\t<\/div><\/div><\/div><\/li><li id=\"ult-ih-list-item-5748\" class=\"ult-ih-list-item\" style=\"height: 320px; width: 320px;  margin: 30px\"><div style=\"height: 320px; width: 320px; \" class=\"ult-ih-item ult-ih-effect10    ult-ih-top_to_bottom\"><div class=\"ult-ih-image-block\" style=\"height: 320px; width: 320px; \">\t<div class=\"ult-ih-wrapper\" style=\"border-style: solid; border-color: rgba(255,255,255,0.2); border-width: 0px;\"><\/div>\t<img decoding=\"async\" class=\"ult-ih-image\" src=\"https:\/\/sincromyl.com\/wp-content\/uploads\/2024\/07\/mafer.jpg\" alt=\"null\"><\/div><div class=\"ult-ih-info\" style=\"background-color: __USE_THEME_MAIN_COLOR__; \">\t<div class=\"ult-ih-info-back\">\t<div class=\"ult-ih-content\">\t\t\t<div class=\"ult-ih-heading-block\" style=\"\">\t\t\t\t<h3 class=\"ult-ih-heading ult-responsive\" style=\"font-family:&#039;Dosis&#039;;font-weight:600;color:#ffffff;\"  data-ultimate-target='#ult-ih-list-item-5748 .ult-ih-heading'  data-responsive-json-new='{\"font-size\":\"desktop:20px;\",\"line-height\":\"desktop:28px;\"}' >Maria F, Gadea<\/h3>\t\t\t<\/div>\t\t\t<div class=\"ult-ih-divider-block\" style=\"height:1px;\">\t\t\t\t<span class=\"ult-ih-line\" style=\"border-style:solid;border-color:rgba(255,255,255,0.75);width:100px;border-width:1px;\"><\/span>\t\t\t<\/div>\t\t\t<div class=\"ult-ih-description-block\" style=\"\">\t\t\t\t<div class=\"ult-ih-description ult-responsive\" style=\"font-family:&#039;Open Sans&#039;;color:#ffffff;\"  data-ultimate-target='#ult-ih-list-item-5748 .ult-ih-description, #ult-ih-list-item-5748 .ult-ih-description p'  data-responsive-json-new='{\"font-size\":\"desktop:14px;\",\"line-height\":\"desktop:18px;\"}' ><p>Gerente de Proyectos<\/p>\n\t\t\t\t<\/div>\t\t\t<\/div>\t<\/div>\t<\/div><\/div><\/div><\/li><li id=\"ult-ih-list-item-9531\" class=\"ult-ih-list-item\" style=\"height: 320px; width: 320px;  margin: 30px\"><div style=\"height: 320px; width: 320px; \" class=\"ult-ih-item ult-ih-effect10    ult-ih-top_to_bottom\"><div class=\"ult-ih-image-block\" style=\"height: 320px; width: 320px; \">\t<div class=\"ult-ih-wrapper\" style=\"border-style: solid; border-color: rgba(255,255,255,0.2); border-width: 0px;\"><\/div>\t<img decoding=\"async\" class=\"ult-ih-image\" src=\"https:\/\/sincromyl.com\/wp-content\/uploads\/2024\/07\/ricardo.jpg\" alt=\"null\"><\/div><div class=\"ult-ih-info\" style=\"background-color: __USE_THEME_MAIN_COLOR__; \">\t<div class=\"ult-ih-info-back\">\t<div class=\"ult-ih-content\">\t\t\t<div class=\"ult-ih-heading-block\" style=\"\">\t\t\t\t<h3 class=\"ult-ih-heading ult-responsive\" style=\"font-family:&#039;Dosis&#039;;font-weight:600;color:#ffffff;\"  data-ultimate-target='#ult-ih-list-item-9531 .ult-ih-heading'  data-responsive-json-new='{\"font-size\":\"desktop:20px;\",\"line-height\":\"desktop:28px;\"}' >Ricardo Dominguez<\/h3>\t\t\t<\/div>\t\t\t<div class=\"ult-ih-divider-block\" style=\"height:1px;\">\t\t\t\t<span class=\"ult-ih-line\" style=\"border-style:solid;border-color:rgba(255,255,255,0.75);width:100px;border-width:1px;\"><\/span>\t\t\t<\/div>\t\t\t<div class=\"ult-ih-description-block\" style=\"\">\t\t\t\t<div class=\"ult-ih-description ult-responsive\" style=\"font-family:&#039;Open Sans&#039;;color:#ffffff;\"  data-ultimate-target='#ult-ih-list-item-9531 .ult-ih-description, #ult-ih-list-item-9531 .ult-ih-description p'  data-responsive-json-new='{\"font-size\":\"desktop:14px;\",\"line-height\":\"desktop:18px;\"}' ><p>Ilustrador<\/p>\n\t\t\t\t<\/div>\t\t\t<\/div>\t<\/div>\t<\/div><\/div><\/div><\/li>\t<\/ul><\/div><div class=\"ult-ih-container ult-adjust-bottom-margin\" >\t<ul class=\"ult-ih-list\"  data-shape=\"square\"  data-width=\"320\"  data-height=\"320\"  style=\"text-align:left; \"><li id=\"ult-ih-list-item-8487\" class=\"ult-ih-list-item\" style=\"height: 320px; width: 320px;  margin: 30px\"><div style=\"height: 320px; width: 320px; \" class=\"ult-ih-item ult-ih-effect10    ult-ih-top_to_bottom\"><div class=\"ult-ih-image-block\" style=\"height: 320px; width: 320px; \">\t<div class=\"ult-ih-wrapper\" style=\"border-style: solid; border-color: rgba(255,255,255,0.2); border-width: 0px;\"><\/div>\t<img decoding=\"async\" class=\"ult-ih-image\" src=\"https:\/\/sincromyl.com\/wp-content\/uploads\/2024\/07\/elizabeth.jpg\" alt=\"null\"><\/div><div class=\"ult-ih-info\" style=\"background-color: __USE_THEME_MAIN_COLOR__; \">\t<div class=\"ult-ih-info-back\">\t<div class=\"ult-ih-content\">\t\t\t<div class=\"ult-ih-heading-block\" style=\"\">\t\t\t\t<h3 class=\"ult-ih-heading ult-responsive\" style=\"font-family:&#039;Dosis&#039;;font-weight:600;color:#ffffff;\"  data-ultimate-target='#ult-ih-list-item-8487 .ult-ih-heading'  data-responsive-json-new='{\"font-size\":\"desktop:20px;\",\"line-height\":\"desktop:28px;\"}' >Elizabeth Cruz<\/h3>\t\t\t<\/div>\t\t\t<div class=\"ult-ih-divider-block\" style=\"height:1px;\">\t\t\t\t<span class=\"ult-ih-line\" style=\"border-style:solid;border-color:rgba(255,255,255,0.75);width:100px;border-width:1px;\"><\/span>\t\t\t<\/div>\t\t\t<div class=\"ult-ih-description-block\" style=\"\">\t\t\t\t<div class=\"ult-ih-description ult-responsive\" style=\"font-family:&#039;Open Sans&#039;;color:#ffffff;\"  data-ultimate-target='#ult-ih-list-item-8487 .ult-ih-description, #ult-ih-list-item-8487 .ult-ih-description p'  data-responsive-json-new='{\"font-size\":\"desktop:14px;\",\"line-height\":\"desktop:18px;\"}' ><p>Publicidad &amp; Comunicaciones<\/p>\n\t\t\t\t<\/div>\t\t\t<\/div>\t<\/div>\t<\/div><\/div><\/div><\/li><li id=\"ult-ih-list-item-4721\" class=\"ult-ih-list-item\" style=\"height: 320px; width: 320px;  margin: 30px\"><div style=\"height: 320px; width: 320px; \" class=\"ult-ih-item ult-ih-effect10    ult-ih-top_to_bottom\"><div class=\"ult-ih-image-block\" style=\"height: 320px; width: 320px; \">\t<div class=\"ult-ih-wrapper\" style=\"border-style: solid; border-color: rgba(255,255,255,0.2); border-width: 0px;\"><\/div>\t<img decoding=\"async\" class=\"ult-ih-image\" src=\"https:\/\/sincromyl.com\/wp-content\/uploads\/2024\/07\/vito.jpg\" alt=\"null\"><\/div><div class=\"ult-ih-info\" style=\"background-color: __USE_THEME_MAIN_COLOR__; \">\t<div class=\"ult-ih-info-back\">\t<div class=\"ult-ih-content\">\t\t\t<div class=\"ult-ih-heading-block\" style=\"\">\t\t\t\t<h3 class=\"ult-ih-heading ult-responsive\" style=\"font-family:&#039;Dosis&#039;;font-weight:600;color:#ffffff;\"  data-ultimate-target='#ult-ih-list-item-4721 .ult-ih-heading'  data-responsive-json-new='{\"font-size\":\"desktop:20px;\",\"line-height\":\"desktop:28px;\"}' >Vito Carlucci<\/h3>\t\t\t<\/div>\t\t\t<div class=\"ult-ih-divider-block\" style=\"height:1px;\">\t\t\t\t<span class=\"ult-ih-line\" style=\"border-style:solid;border-color:rgba(255,255,255,0.75);width:100px;border-width:1px;\"><\/span>\t\t\t<\/div>\t\t\t<div class=\"ult-ih-description-block\" style=\"\">\t\t\t\t<div class=\"ult-ih-description ult-responsive\" style=\"font-family:&#039;Open Sans&#039;;color:#ffffff;\"  data-ultimate-target='#ult-ih-list-item-4721 .ult-ih-description, #ult-ih-list-item-4721 .ult-ih-description p'  data-responsive-json-new='{\"font-size\":\"desktop:14px;\",\"line-height\":\"desktop:18px;\"}' ><p>Impresiones &amp; Anuncios<\/p>\n\t\t\t\t<\/div>\t\t\t<\/div>\t<\/div>\t<\/div><\/div><\/div><\/li><li id=\"ult-ih-list-item-3581\" class=\"ult-ih-list-item\" style=\"height: 320px; width: 320px;  margin: 30px\"><div style=\"height: 320px; width: 320px; \" class=\"ult-ih-item ult-ih-effect10    ult-ih-top_to_bottom\"><div class=\"ult-ih-image-block\" style=\"height: 320px; width: 320px; \">\t<div class=\"ult-ih-wrapper\" style=\"border-style: solid; border-color: rgba(255,255,255,0.2); border-width: 0px;\"><\/div>\t<img decoding=\"async\" class=\"ult-ih-image\" src=\"https:\/\/sincromyl.com\/wp-content\/uploads\/2024\/07\/andrecito.jpg\" alt=\"null\"><\/div><div class=\"ult-ih-info\" style=\"background-color: __USE_THEME_MAIN_COLOR__; \">\t<div class=\"ult-ih-info-back\">\t<div class=\"ult-ih-content\">\t\t\t<div class=\"ult-ih-heading-block\" style=\"\">\t\t\t\t<h3 class=\"ult-ih-heading ult-responsive\" style=\"font-family:&#039;Dosis&#039;;font-weight:600;color:#ffffff;\"  data-ultimate-target='#ult-ih-list-item-3581 .ult-ih-heading'  data-responsive-json-new='{\"font-size\":\"desktop:20px;\",\"line-height\":\"desktop:28px;\"}' >Andres Castillo<\/h3>\t\t\t<\/div>\t\t\t<div class=\"ult-ih-divider-block\" style=\"height:1px;\">\t\t\t\t<span class=\"ult-ih-line\" style=\"border-style:solid;border-color:rgba(255,255,255,0.75);width:100px;border-width:1px;\"><\/span>\t\t\t<\/div>\t\t\t<div class=\"ult-ih-description-block\" style=\"\">\t\t\t\t<div class=\"ult-ih-description ult-responsive\" style=\"font-family:&#039;Open Sans&#039;;color:#ffffff;\"  data-ultimate-target='#ult-ih-list-item-3581 .ult-ih-description, #ult-ih-list-item-3581 .ult-ih-description p'  data-responsive-json-new='{\"font-size\":\"desktop:14px;\",\"line-height\":\"desktop:18px;\"}' ><p>Codigos &amp; Soporte<\/p>\n\t\t\t\t<\/div>\t\t\t<\/div>\t<\/div>\t<\/div><\/div><\/div><\/li>\t<\/ul><\/div><\/div><\/div><\/div><\/div>\n<\/div>","protected":false},"excerpt":{"rendered":"WE'RE SINCROMYL At Sincromyl Multimedia Studio, creativity meets technology to empower your business. Our extensive portfolio showcases our work across various industries, including government projects, demonstrating our versatility and commitment to excellence. We specialize in graphic design, web development, social media management, and digital advertising, ensuring that your brand stands out in a crowded marketplace. [...]","protected":false},"author":1,"featured_media":0,"parent":0,"menu_order":0,"comment_status":"closed","ping_status":"closed","template":"page.php","meta":{"content-type":"","footnotes":""},"class_list":["post-393","page","type-page","status-publish","hentry"],"yoast_head":"<!-- This site is optimized with the Yoast SEO Premium plugin v27.4 (Yoast SEO v27.4) - https:\/\/yoast.com\/product\/yoast-seo-premium-wordpress\/ -->\n<title>About Us - Sincromyl Multimedia Studio<\/title>\n<meta name=\"robots\" content=\"index, follow, max-snippet:-1, max-image-preview:large, max-video-preview:-1\" \/>\n<link rel=\"canonical\" href=\"https:\/\/sincromyl.com\/es\/acerca-de-nosotros\/\" \/>\n<meta property=\"og:locale\" content=\"es_ES\" \/>\n<meta property=\"og:type\" content=\"article\" \/>\n<meta property=\"og:title\" content=\"About Us\" \/>\n<meta property=\"og:url\" content=\"https:\/\/sincromyl.com\/es\/acerca-de-nosotros\/\" \/>\n<meta property=\"og:site_name\" content=\"Sincromyl Multimedia Studio\" \/>\n<meta property=\"article:publisher\" content=\"https:\/\/www.facebook.com\/sincromyl\" \/>\n<meta property=\"article:modified_time\" content=\"2025-05-15T12:32:51+00:00\" \/>\n<meta name=\"twitter:card\" content=\"summary_large_image\" \/>\n<meta name=\"twitter:site\" content=\"@sincromyl\" \/>\n<meta name=\"twitter:label1\" content=\"Tiempo de lectura\" \/>\n\t<meta name=\"twitter:data1\" content=\"2 minutos\" \/>\n<script type=\"application\/ld+json\" class=\"yoast-schema-graph\">{\"@context\":\"https:\\\/\\\/schema.org\",\"@graph\":[{\"@type\":\"WebPage\",\"@id\":\"https:\\\/\\\/sincromyl.com\\\/about-us\\\/\",\"url\":\"https:\\\/\\\/sincromyl.com\\\/about-us\\\/\",\"name\":\"About Us - Sincromyl Multimedia Studio\",\"isPartOf\":{\"@id\":\"https:\\\/\\\/sincromyl.com\\\/#website\"},\"datePublished\":\"2024-07-01T15:35:45+00:00\",\"dateModified\":\"2025-05-15T12:32:51+00:00\",\"breadcrumb\":{\"@id\":\"https:\\\/\\\/sincromyl.com\\\/about-us\\\/#breadcrumb\"},\"inLanguage\":\"es\",\"potentialAction\":[{\"@type\":\"ReadAction\",\"target\":[\"https:\\\/\\\/sincromyl.com\\\/about-us\\\/\"]}]},{\"@type\":\"BreadcrumbList\",\"@id\":\"https:\\\/\\\/sincromyl.com\\\/about-us\\\/#breadcrumb\",\"itemListElement\":[{\"@type\":\"ListItem\",\"position\":1,\"name\":\"Home\",\"item\":\"https:\\\/\\\/sincromyl.com\\\/\"},{\"@type\":\"ListItem\",\"position\":2,\"name\":\"About Us\"}]},{\"@type\":\"WebSite\",\"@id\":\"https:\\\/\\\/sincromyl.com\\\/#website\",\"url\":\"https:\\\/\\\/sincromyl.com\\\/\",\"name\":\"Sincromyl Multimedia Studio\",\"description\":\"\",\"publisher\":{\"@id\":\"https:\\\/\\\/sincromyl.com\\\/#organization\"},\"potentialAction\":[{\"@type\":\"SearchAction\",\"target\":{\"@type\":\"EntryPoint\",\"urlTemplate\":\"https:\\\/\\\/sincromyl.com\\\/?s={search_term_string}\"},\"query-input\":{\"@type\":\"PropertyValueSpecification\",\"valueRequired\":true,\"valueName\":\"search_term_string\"}}],\"inLanguage\":\"es\"},{\"@type\":\"Organization\",\"@id\":\"https:\\\/\\\/sincromyl.com\\\/#organization\",\"name\":\"Sincromyl Multimedia Studio\",\"url\":\"https:\\\/\\\/sincromyl.com\\\/\",\"logo\":{\"@type\":\"ImageObject\",\"inLanguage\":\"es\",\"@id\":\"https:\\\/\\\/sincromyl.com\\\/#\\\/schema\\\/logo\\\/image\\\/\",\"url\":\"https:\\\/\\\/sincromyl.com\\\/wp-content\\\/uploads\\\/2024\\\/07\\\/sincro100x100.png\",\"contentUrl\":\"https:\\\/\\\/sincromyl.com\\\/wp-content\\\/uploads\\\/2024\\\/07\\\/sincro100x100.png\",\"width\":100,\"height\":100,\"caption\":\"Sincromyl Multimedia Studio\"},\"image\":{\"@id\":\"https:\\\/\\\/sincromyl.com\\\/#\\\/schema\\\/logo\\\/image\\\/\"},\"sameAs\":[\"https:\\\/\\\/www.facebook.com\\\/sincromyl\",\"https:\\\/\\\/x.com\\\/sincromyl\",\"https:\\\/\\\/www.instagram.com\\\/sincromyl\"]}]}<\/script>\n<!-- \/ Yoast SEO Premium plugin. -->","yoast_head_json":{"title":"About Us - Sincromyl Multimedia Studio","robots":{"index":"index","follow":"follow","max-snippet":"max-snippet:-1","max-image-preview":"max-image-preview:large","max-video-preview":"max-video-preview:-1"},"canonical":"https:\/\/sincromyl.com\/es\/acerca-de-nosotros\/","og_locale":"es_ES","og_type":"article","og_title":"About Us","og_url":"https:\/\/sincromyl.com\/es\/acerca-de-nosotros\/","og_site_name":"Sincromyl Multimedia Studio","article_publisher":"https:\/\/www.facebook.com\/sincromyl","article_modified_time":"2025-05-15T12:32:51+00:00","twitter_card":"summary_large_image","twitter_site":"@sincromyl","twitter_misc":{"Tiempo de lectura":"2 minutos"},"schema":{"@context":"https:\/\/schema.org","@graph":[{"@type":"WebPage","@id":"https:\/\/sincromyl.com\/about-us\/","url":"https:\/\/sincromyl.com\/about-us\/","name":"About Us - Sincromyl Multimedia Studio","isPartOf":{"@id":"https:\/\/sincromyl.com\/#website"},"datePublished":"2024-07-01T15:35:45+00:00","dateModified":"2025-05-15T12:32:51+00:00","breadcrumb":{"@id":"https:\/\/sincromyl.com\/about-us\/#breadcrumb"},"inLanguage":"es","potentialAction":[{"@type":"ReadAction","target":["https:\/\/sincromyl.com\/about-us\/"]}]},{"@type":"BreadcrumbList","@id":"https:\/\/sincromyl.com\/about-us\/#breadcrumb","itemListElement":[{"@type":"ListItem","position":1,"name":"Home","item":"https:\/\/sincromyl.com\/"},{"@type":"ListItem","position":2,"name":"About Us"}]},{"@type":"WebSite","@id":"https:\/\/sincromyl.com\/#website","url":"https:\/\/sincromyl.com\/","name":"Sincromyl Multimedia Studio","description":"","publisher":{"@id":"https:\/\/sincromyl.com\/#organization"},"potentialAction":[{"@type":"SearchAction","target":{"@type":"EntryPoint","urlTemplate":"https:\/\/sincromyl.com\/?s={search_term_string}"},"query-input":{"@type":"PropertyValueSpecification","valueRequired":true,"valueName":"search_term_string"}}],"inLanguage":"es"},{"@type":"Organization","@id":"https:\/\/sincromyl.com\/#organization","name":"Sincromyl Multimedia Studio","url":"https:\/\/sincromyl.com\/","logo":{"@type":"ImageObject","inLanguage":"es","@id":"https:\/\/sincromyl.com\/#\/schema\/logo\/image\/","url":"https:\/\/sincromyl.com\/wp-content\/uploads\/2024\/07\/sincro100x100.png","contentUrl":"https:\/\/sincromyl.com\/wp-content\/uploads\/2024\/07\/sincro100x100.png","width":100,"height":100,"caption":"Sincromyl Multimedia Studio"},"image":{"@id":"https:\/\/sincromyl.com\/#\/schema\/logo\/image\/"},"sameAs":["https:\/\/www.facebook.com\/sincromyl","https:\/\/x.com\/sincromyl","https:\/\/www.instagram.com\/sincromyl"]}]}},"_links":{"self":[{"href":"https:\/\/sincromyl.com\/es\/wp-json\/wp\/v2\/pages\/393","targetHints":{"allow":["GET"]}}],"collection":[{"href":"https:\/\/sincromyl.com\/es\/wp-json\/wp\/v2\/pages"}],"about":[{"href":"https:\/\/sincromyl.com\/es\/wp-json\/wp\/v2\/types\/page"}],"author":[{"embeddable":true,"href":"https:\/\/sincromyl.com\/es\/wp-json\/wp\/v2\/users\/1"}],"replies":[{"embeddable":true,"href":"https:\/\/sincromyl.com\/es\/wp-json\/wp\/v2\/comments?post=393"}],"version-history":[{"count":1,"href":"https:\/\/sincromyl.com\/es\/wp-json\/wp\/v2\/pages\/393\/revisions"}],"predecessor-version":[{"id":1524,"href":"https:\/\/sincromyl.com\/es\/wp-json\/wp\/v2\/pages\/393\/revisions\/1524"}],"wp:attachment":[{"href":"https:\/\/sincromyl.com\/es\/wp-json\/wp\/v2\/media?parent=393"}],"curies":[{"name":"wp","href":"https:\/\/api.w.org\/{rel}","templated":true}]}}